{"id":44,"date":"2013-08-03T23:45:40","date_gmt":"2013-08-03T23:45:40","guid":{"rendered":"http:\/\/realhomes.inspirythemes.com\/?page_id=44"},"modified":"2024-10-15T10:10:57","modified_gmt":"2024-10-15T10:10:57","slug":"home","status":"publish","type":"page","link":"https:\/\/www.santosbravo.com\/","title":{"rendered":"La empresa"},"content":{"rendered":"<h2><strong>\u00abSantos Bravo Promociones S.L. : hogares de calidad en Asturias\u00bb<\/strong><\/h2>\n<table style=\"border: none; font-family: Verdana, Geneva, sans-serif; font-size: 12px; text-align: justify;\" width=\"100%\">\n<tbody>\n<tr>\n<td style=\"border: none;\" width=\"68%\">Santos Bravo Promociones S.L. es una empresa de construcci\u00f3n de viviendas que inici\u00f3 su actividad hace m\u00e1s de 40 a\u00f1os. Tiene EXPERIENCIA.Conoce las mejores zonas de Oviedo y de Asturias. Ofrece viviendas asequibles con los mejores equipamientos, con las mejores calidades, con los mejores servicios.Controla desde su estudio y en la obra los acabados de cada detalle, la ejecuci\u00f3n de cada partida: nuestro objetivo es la satisfacci\u00f3n de cada cliente. Cuida los detalles.Busque y encuentre las mejores promociones y ofertas de vivienda y ll\u00e1menos. Seguro que tenemos algo que le interesa.<\/td>\n<td style=\"border: none;\" width=\"2%\"><\/td>\n<td style=\"border: none;\" width=\"30%\"><a href=\"http:\/\/santosbravo.com\/santosbravo\/wp-content\/uploads\/2013\/08\/logo-sb.png\"><img loading=\"lazy\" class=\"alignnone size-full wp-image-818\" src=\"http:\/\/santosbravo.com\/santosbravo\/wp-content\/uploads\/2013\/08\/logo-sb.png\" alt=\"logo-sb\" width=\"250\" height=\"167\" srcset=\"https:\/\/www.santosbravo.com\/wp-content\/uploads\/2013\/08\/logo-sb.png 250w, https:\/\/www.santosbravo.com\/wp-content\/uploads\/2013\/08\/logo-sb-150x100.png 150w, https:\/\/www.santosbravo.com\/wp-content\/uploads\/2013\/08\/logo-sb-244x163.png 244w\" sizes=\"(max-width: 250px) 100vw, 250px\" \/><\/a><\/td>\n<\/tr>\n<tr>\n<td style=\"border: none; font-weight: bold; font-size: 16px;\" colspan=\"3\">&nbsp;<\/p>\n<p><a href=\"https:\/\/santosbravo.com\/llano-ponte-14\/\" target=\"_blank\" rel=\"noopener\"><img loading=\"lazy\" class=\"alignnone wp-image-1382 size-full\" src=\"https:\/\/www.santosbravo.com\/wp-content\/uploads\/2024\/10\/llano-ponte-14.png\" alt=\"\" width=\"1438\" height=\"1137\" srcset=\"https:\/\/www.santosbravo.com\/wp-content\/uploads\/2024\/10\/llano-ponte-14.png 1438w, https:\/\/www.santosbravo.com\/wp-content\/uploads\/2024\/10\/llano-ponte-14-300x237.png 300w, https:\/\/www.santosbravo.com\/wp-content\/uploads\/2024\/10\/llano-ponte-14-1024x810.png 1024w, https:\/\/www.santosbravo.com\/wp-content\/uploads\/2024\/10\/llano-ponte-14-768x607.png 768w, https:\/\/www.santosbravo.com\/wp-content\/uploads\/2024\/10\/llano-ponte-14-150x119.png 150w\" sizes=\"(max-width: 1438px) 100vw, 1438px\" \/><\/a><br \/>\nOBRA TERMINADA. Llano Ponte 14 es un edificio c\u00e9ntrico y tranquilo: dos apreciadas virtudes para quienes buscan una vivienda de calidad en Oviedo. Las viviendas tienen calificaci\u00f3n energ\u00e9tica tipo A lo que asegura unas \u00f3ptimas condiciones de habitabilidad y aislamiento t\u00e9rmico y ac\u00fastico. En el edificio no hay barreras arquitect\u00f3nicas. Tiene zonas comunes espaciosas, caldera central, cuarto para bicicletas y suelo radiante en cada vivienda, con contadores individuales para el pago por consumo. Las viviendas altas cuentan con balc\u00f3n exterior. \u00c1ticos disponibles. Cocinas amuebladas con encimeras porcel\u00e1nicas y frentes del mismo material. Consulte otras opciones en otras plantas.<\/p>\n<p>Visite el edificio y conozca las caracter\u00edsticas de su nuevo hogar.<\/p>\n<p>Dispone de plazas de garaje a nivel de calle (sin rampas, sin maniobras complejas, sin montacoches) con preinstalaci\u00f3n para veh\u00edculos el\u00e9ctricos. Trasteros en planta primera.<\/p>\n<p>La comodidad de vivir en el centro de Oviedo con la mejor comunicaci\u00f3n para las salidas de la ciudad y a un paseo de la calle Ur\u00eda. Supermercados y colegios en la misma calle.<\/p>\n<p><a href=\"http:\/\/www.santosbravo.com\/avenida-del-mar\/\" target=\"_blank\" rel=\"noopener\"><img class=\" size-medium wp-image-1178 aligncenter\" src=\"https:\/\/www.santosbravo.com\/wp-content\/uploads\/2020\/07\/avenidadelmar37.png\" alt=\"Avenida del Mar, 37\" height=\"450\" \/><\/a><\/td>\n<\/tr>\n<\/tbody>\n<\/table>\n","protected":false},"excerpt":{"rendered":"<p>\u00abSantos Bravo Promociones S.L. : hogares de calidad en Asturias\u00bb Santos Bravo Promociones S.L. es una empresa de construcci\u00f3n de viviendas que inici\u00f3 su actividad hace m\u00e1s de 40 a\u00f1os. Tiene EXPERIENCIA.Conoce las mejores zonas de Oviedo y de Asturias. Ofrece viviendas asequibles con los mejores equipamientos, con las mejores calidades, con los mejores servicios.Controla [&hellip;]<\/p>\n","protected":false},"author":2,"featured_media":0,"parent":0,"menu_order":0,"comment_status":"closed","ping_status":"closed","template":"template-home.php","meta":[],"_links":{"self":[{"href":"https:\/\/www.santosbravo.com\/index.php?rest_route=\/wp\/v2\/pages\/44"}],"collection":[{"href":"https:\/\/www.santosbravo.com\/index.php?rest_route=\/wp\/v2\/pages"}],"about":[{"href":"https:\/\/www.santosbravo.com\/index.php?rest_route=\/wp\/v2\/types\/page"}],"author":[{"embeddable":true,"href":"https:\/\/www.santosbravo.com\/index.php?rest_route=\/wp\/v2\/users\/2"}],"replies":[{"embeddable":true,"href":"https:\/\/www.santosbravo.com\/index.php?rest_route=%2Fwp%2Fv2%2Fcomments&post=44"}],"version-history":[{"count":76,"href":"https:\/\/www.santosbravo.com\/index.php?rest_route=\/wp\/v2\/pages\/44\/revisions"}],"predecessor-version":[{"id":1387,"href":"https:\/\/www.santosbravo.com\/index.php?rest_route=\/wp\/v2\/pages\/44\/revisions\/1387"}],"wp:attachment":[{"href":"https:\/\/www.santosbravo.com\/index.php?rest_route=%2Fwp%2Fv2%2Fmedia&parent=44"}],"curies":[{"name":"wp","href":"https:\/\/api.w.org\/{rel}","templated":true}]}}