{"id":396,"date":"2014-05-26T07:43:54","date_gmt":"2014-05-26T07:43:54","guid":{"rendered":"http:\/\/santosbravo.com\/santosbravo\/?page_id=396"},"modified":"2021-02-09T08:50:01","modified_gmt":"2021-02-09T08:50:01","slug":"obra-entregada","status":"publish","type":"page","link":"https:\/\/www.santosbravo.com\/?page_id=396","title":{"rendered":"Obra entregada"},"content":{"rendered":"<table>\n<tbody>\n<tr>\n<td><a href=\"https:\/\/www.santosbravo.com\/las-terrazas-de-fozaneldi-II.html\" target=\"_blank\"><img loading=\"lazy\" class=\"alignnone size-full wp-image-1151\" src=\"https:\/\/www.santosbravo.com\/wp-content\/uploads\/2021\/02\/mini_tfoz.png\" alt=\"mini-terr\" width=\"45\" height=\"61\" \/><a><\/td>\n<td style=\"padding-left: 30px;\"><strong>Edificio Terrazas de Fozaneldi II<\/strong><br \/>\n29 viviendas exteriores, todas ellas con terraza, fabulosa orientaci\u00f3n, en un barrio joven y din\u00e1mico de Oviedo, con todos los servicios, de 1 a 4 dormitorios. Garajes y trasteros. M\u00e1xima eficiencia energ\u00e9tica. Aislamiento t\u00e9rmico y ac\u00fastico.<\/td>\n<\/tr>\n<tr>\n<td><img loading=\"lazy\" class=\"alignnone size-full wp-image-1151\" src=\"http:\/\/www.santosbravo.com\/wp-content\/uploads\/2014\/05\/mini-terr.png\" alt=\"mini-terr\" width=\"45\" height=\"61\" \/><\/td>\n<td style=\"padding-left: 30px;\"><strong>Edificio Terrazas de La Florida<\/strong><br \/>\n49 viviendas exteriores, con estupendas vistas, fabulosa orientaci\u00f3n, en un barrio joven y din\u00e1mico de Oviedo, con todos los servicios y con terrazas, de 1 a 4 dormitorios. Garajes y trasteros. 6 alturas.<\/td>\n<\/tr>\n<tr>\n<td><img loading=\"lazy\" class=\"alignnone wp-image-399 size-full\" src=\"http:\/\/www.santosbravo.com\/wp-content\/uploads\/2014\/05\/mini_foza.jpg\" alt=\"mini_foza\" width=\"50\" height=\"61\" \/><\/td>\n<td style=\"padding-left: 30px;\"><strong>Edificio Fozaneldi<\/strong><br \/>\n46 viviendas, muchas de ellas con terrazas, de 1 a 4 dormitorios. Garajes y trasteros. 6 alturas. Edificio rodeado de jardines y con excelentes comunicaciones con las salidas y entradas de la ciudad.<\/td>\n<\/tr>\n<tr>\n<td><img loading=\"lazy\" class=\"alignnone wp-image-417 size-full\" src=\"http:\/\/www.santosbravo.com\/wp-content\/uploads\/2014\/05\/mini_mata.jpg\" alt=\"mini_mata\" width=\"50\" height=\"61\" \/><\/td>\n<td style=\"padding-left: 30px;\"><strong>Chalet Las Matas<\/strong><br \/>\nVivir en una casa independiente es un lujo. En esta casa situada en Colloto justo al lado de la futura urbanizaci\u00f3n de Ciudad Jard\u00edn, es un cambio por la mejor calidad de vida. Adem\u00e1s es una buena inversi\u00f3n para vivir con tranquilidad en un chalet de m\u00e1ximo lujo.<\/td>\n<\/tr>\n<tr>\n<td><img loading=\"lazy\" class=\"alignnone wp-image-421 size-full\" src=\"http:\/\/www.santosbravo.com\/wp-content\/uploads\/2014\/05\/mini_roces.jpg\" alt=\"mini_roces\" width=\"50\" height=\"61\" \/><\/a><\/td>\n<td style=\"padding-left: 30px;\"><strong>Chalet Roces<\/strong><br \/>\nVivir en una casa independiente es un lujo. En esta casa situada en Colloto justo al lado de la futura urbanizaci\u00f3n de Ciudad Jard\u00edn, es un cambio por la mejor calidad de vida. Adem\u00e1s es una buena inversi\u00f3n para vivir con tranquilidad en un chalet de m\u00e1ximo lujo.<\/td>\n<\/tr>\n<tr>\n<td><img loading=\"lazy\" class=\"alignnone wp-image-428 size-full\" src=\"http:\/\/www.santosbravo.com\/wp-content\/uploads\/2014\/05\/edificio_favila.png\" alt=\"edificio_favila\" width=\"45\" height=\"54\" \/><\/td>\n<td style=\"padding-left: 30px;\"><strong>Edificio Favila<\/strong><br \/>\nUn edificio de cuidado dise\u00f1o situado al lado del Parque del Oeste de Oviedo. 18 viviendas de 1 a 3 dormitorios con excelentes acabados, plazas de garaje y trasteros. En los bajos comerciales est\u00e1n situados importantes negocios empresariales.<\/td>\n<\/tr>\n<tr>\n<td><img loading=\"lazy\" class=\"alignnone wp-image-426 size-full\" src=\"http:\/\/www.santosbravo.com\/wp-content\/uploads\/2014\/05\/mini_tenderina.png\" alt=\"mini_tenderina\" width=\"46\" height=\"56\" \/><\/td>\n<td style=\"padding-left: 30px;\"><strong>Edificio Tenderina<\/strong><br \/>\nLa calle Tenderina de Oviedo vertebra la ciudad. Las fachadas limpias, con materiales nobles e inalterables, hacen de este edificio un lugar estupendo para vivir en la ciudad.<\/td>\n<\/tr>\n<tr>\n<td><img loading=\"lazy\" class=\"alignnone wp-image-427 size-full\" src=\"http:\/\/www.santosbravo.com\/wp-content\/uploads\/2014\/05\/paseo_antiguo.png\" alt=\"paseo_antiguo\" width=\"46\" height=\"56\" \/><\/td>\n<td style=\"padding-left: 30px;\"><strong>Edificio Paseo del Antiguo<\/strong><br \/>\nEl antiguo trazado del ferrocarril de v\u00eda estrecha liber\u00f3 los terrenos donde se enclava este edificio. Ahora es una de las mejores zonas de Oviedo, cerca del barrio antiguo, rodeado de jardines y en la zona mejor comunicada.<\/td>\n<\/tr>\n<tr>\n<td><img loading=\"lazy\" class=\"alignnone wp-image-429 size-full\" src=\"http:\/\/www.santosbravo.com\/wp-content\/uploads\/2014\/05\/Sm-60-1_mini.jpg\" alt=\"Sm 60 1_mini\" width=\"45\" height=\"61\" \/><\/td>\n<td style=\"padding-left: 30px;\"><strong>Edificio San Melchor, 60<\/strong><br \/>\nUna construcci\u00f3n entre medianas en una de las calles comerciales de la ciudad con todos los servicios. Supermercados, farmacias, bares y restaurantes ofrecen a los vecinos todos los servicios a unos pasos del Campill\u00edn.<\/td>\n<\/tr>\n<tr>\n<td><img loading=\"lazy\" class=\"alignnone wp-image-430 size-full\" src=\"http:\/\/www.santosbravo.com\/wp-content\/uploads\/2014\/05\/Sm-55-6_mini.jpg\" alt=\"Sm 55 6_mini\" width=\"45\" height=\"61\" \/><\/td>\n<td style=\"padding-left: 30px;\"><strong>Edificio San Melchor, 55<\/strong><br \/>\nUn edificio de 6 plantas con impresionantes vistas a la Ronda Sur. Acabados de gran calidad en una calle tranquila ideal para residir. Por su proximidad al centro de Oviedo y a importantes zonas abiertas ajardinadas este edificio es una buena opci\u00f3n residencial.<\/td>\n<\/tr>\n<tr>\n<td><img loading=\"lazy\" class=\"alignnone wp-image-431 size-full\" src=\"http:\/\/www.santosbravo.com\/wp-content\/uploads\/2014\/05\/Ules-5_mini.jpg\" alt=\"Ules 5_mini\" width=\"50\" height=\"37\" \/><\/td>\n<td style=\"padding-left: 30px;\"><strong>Ules El pueblo de Ules<\/strong><br \/>\nEn plena falda del Naranco, es un mirador de Oviedo. Dos viviendas unifamiliares con impresionantes vistas de la ciudad. Rodeadas de naturaleza y con excelentes comunicaciones sin renunciar a la tranquilidad de un pueblo.<\/td>\n<\/tr>\n<\/tbody>\n<\/table>\n","protected":false},"excerpt":{"rendered":"<p>Edificio Terrazas de Fozaneldi II 29 viviendas exteriores, todas ellas con terraza, fabulosa orientaci\u00f3n, en un barrio joven y din\u00e1mico de Oviedo, con todos los servicios, de 1 a 4 dormitorios. Garajes y trasteros. M\u00e1xima eficiencia energ\u00e9tica. Aislamiento t\u00e9rmico y ac\u00fastico. Edificio Terrazas de La Florida 49 viviendas exteriores, con estupendas vistas, fabulosa orientaci\u00f3n, en [&hellip;]<\/p>\n","protected":false},"author":2,"featured_media":0,"parent":0,"menu_order":0,"comment_status":"closed","ping_status":"closed","template":"template-fullwidth.php","meta":[],"_links":{"self":[{"href":"https:\/\/www.santosbravo.com\/index.php?rest_route=\/wp\/v2\/pages\/396"}],"collection":[{"href":"https:\/\/www.santosbravo.com\/index.php?rest_route=\/wp\/v2\/pages"}],"about":[{"href":"https:\/\/www.santosbravo.com\/index.php?rest_route=\/wp\/v2\/types\/page"}],"author":[{"embeddable":true,"href":"https:\/\/www.santosbravo.com\/index.php?rest_route=\/wp\/v2\/users\/2"}],"replies":[{"embeddable":true,"href":"https:\/\/www.santosbravo.com\/index.php?rest_route=%2Fwp%2Fv2%2Fcomments&post=396"}],"version-history":[{"count":30,"href":"https:\/\/www.santosbravo.com\/index.php?rest_route=\/wp\/v2\/pages\/396\/revisions"}],"predecessor-version":[{"id":1315,"href":"https:\/\/www.santosbravo.com\/index.php?rest_route=\/wp\/v2\/pages\/396\/revisions\/1315"}],"wp:attachment":[{"href":"https:\/\/www.santosbravo.com\/index.php?rest_route=%2Fwp%2Fv2%2Fmedia&parent=396"}],"curies":[{"name":"wp","href":"https:\/\/api.w.org\/{rel}","templated":true}]}}